{"id":52154,"date":"2025-09-04T14:54:53","date_gmt":"2025-09-04T11:54:53","guid":{"rendered":"https:\/\/decorn.ee\/?post_type=product&#038;p=52154"},"modified":"2026-01-02T15:36:13","modified_gmt":"2026-01-02T12:36:13","slug":"karmel-loft-krovat-s-podyomnym-mehanizmom","status":"publish","type":"product","link":"https:\/\/decorn.ee\/ru\/tovar\/karmel-loft-krovat-s-podyomnym-mehanizmom\/","title":{"rendered":"Karmel Loft \u043a\u0440\u043e\u0432\u0430\u0442\u044c \u0441 \u043f\u043e\u0434\u044a\u0451\u043c\u043d\u044b\u043c \u043c\u0435\u0445\u0430\u043d\u0438\u0437\u043c\u043e\u043c"},"content":{"rendered":"<p>\u042d\u043b\u0435\u0433\u0430\u043d\u0442\u043d\u0430\u044f \u043a\u0440\u043e\u0432\u0430\u0442\u044c \u0438\u0437 \u0434\u0443\u0431\u043e\u0432\u043e\u0433\u043e \u0448\u043f\u043e\u043d\u0430 \u043c\u0435\u0434\u043e\u0432\u043e\u0433\u043e \u043e\u0442\u0442\u0435\u043d\u043a\u0430 \u0441 \u043c\u0430\u0442\u043e\u0432\u043e\u0439 \u043e\u0442\u0434\u0435\u043b\u043a\u043e\u0439, \u0438\u043c\u0438\u0442\u0438\u0440\u0443\u044e\u0449\u0435\u0439 \u0442\u0435\u043a\u0441\u0442\u0443\u0440\u0443 \u043d\u0430\u0442\u0443\u0440\u0430\u043b\u044c\u043d\u043e\u0433\u043e \u0434\u0435\u0440\u0435\u0432\u0430, \u0441\u043e\u0437\u0434\u0430\u0451\u0442 \u0443\u044e\u0442\u043d\u0443\u044e \u0438 \u0441\u0442\u0438\u043b\u044c\u043d\u0443\u044e \u0430\u0442\u043c\u043e\u0441\u0444\u0435\u0440\u0443 \u0432 \u0441\u043f\u0430\u043b\u044c\u043d\u0435. \u0423\u0434\u043e\u0431\u043d\u043e\u0435 \u043c\u044f\u0433\u043a\u043e\u0435 \u0438\u0437\u0433\u043e\u043b\u043e\u0432\u044c\u0435, \u0440\u0430\u0437\u0434\u0435\u043b\u0451\u043d\u043d\u043e\u0435 \u043d\u0430 \u0448\u0435\u0441\u0442\u044c \u043f\u0440\u044f\u043c\u043e\u0443\u0433\u043e\u043b\u044c\u043d\u044b\u0445 \u043f\u0430\u043d\u0435\u043b\u0435\u0439 \u0438 \u043e\u0431\u0442\u044f\u043d\u0443\u0442\u043e\u0435 \u0442\u043a\u0430\u043d\u044c\u044e Preston 100, \u043e\u0431\u0435\u0441\u043f\u0435\u0447\u0438\u0442 \u043a\u043e\u043c\u0444\u043e\u0440\u0442 \u0434\u043b\u044f \u0447\u0442\u0435\u043d\u0438\u044f \u0438\u043b\u0438 \u043e\u0442\u0434\u044b\u0445\u0430. \u041a\u0430\u0440\u043a\u0430\u0441 \u043a\u0440\u043e\u0432\u0430\u0442\u0438 \u0443\u0441\u0442\u0430\u043d\u043e\u0432\u043b\u0435\u043d \u043d\u0430 \u043f\u0440\u043e\u0447\u043d\u043e\u043c \u0447\u0451\u0440\u043d\u043e\u043c \u043c\u0435\u0442\u0430\u043b\u043b\u0438\u0447\u0435\u0441\u043a\u043e\u043c \u043a\u0430\u0440\u043a\u0430\u0441\u0435 \u0441 \u043d\u043e\u0436\u043a\u0430\u043c\u0438. \u041e\u0441\u043d\u043e\u0432\u0430\u043d\u0438\u0435 \u0441 24 \u0433\u0438\u0431\u043a\u0438\u043c\u0438 \u043b\u0430\u043c\u0435\u043b\u044f\u043c\u0438 \u043e\u0442\u043a\u0440\u044b\u0432\u0430\u0435\u0442\u0441\u044f \u0441 \u043f\u043e\u043c\u043e\u0449\u044c\u044e \u0433\u0430\u0437\u043e\u0432\u044b\u0445 \u0442\u043e\u0440\u043c\u043e\u0437\u043e\u0432, \u0447\u0442\u043e \u043e\u0431\u0435\u0441\u043f\u0435\u0447\u0438\u0432\u0430\u0435\u0442 \u0443\u0434\u043e\u0431\u043d\u043e\u0435 \u0445\u0440\u0430\u043d\u0435\u043d\u0438\u0435.<\/p>\n<p><strong>\u0420\u0430\u0437\u043c\u0435\u0440\u044b:<\/strong><\/p>\n<ul>\n<li>\u0420\u0430\u0437\u043c\u0435\u0440\u044b \u0441\u043f\u0430\u043b\u044c\u043d\u043e\u0433\u043e \u043c\u0435\u0441\u0442\u0430: 140\u00d7200, 160\u00d7200, 180\u00d7200 \u0441\u043c<\/li>\n<li>\u041e\u0431\u0449\u0430\u044f \u0448\u0438\u0440\u0438\u043d\u0430: 147, 167, 187 \u0441\u043c<\/li>\n<li>\u041e\u0431\u0449\u0430\u044f \u0433\u043b\u0443\u0431\u0438\u043d\u0430: 215 \u0441\u043c<\/li>\n<li>\u0412\u044b\u0441\u043e\u0442\u0430 \u0438\u0437\u0433\u043e\u043b\u043e\u0432\u044c\u044f \u043e\u0442 \u043f\u043e\u043b\u0430: 102 \u0438\u043b\u0438 108 \u0441\u043c (\u0438\u0437\u0433\u043e\u043b\u043e\u0432\u044c\u0435 \u043c\u043e\u0436\u043d\u043e \u0443\u0441\u0442\u0430\u043d\u043e\u0432\u0438\u0442\u044c \u043d\u0430 \u0434\u0432\u0443\u0445 \u0432\u044b\u0441\u043e\u0442\u0430\u0445)<\/li>\n<li>\u0412\u044b\u0441\u043e\u0442\u0430 \u043d\u043e\u0436\u0435\u043a: 10 \u0441\u043c<\/li>\n<\/ul>\n<p><strong>\u041c\u0430\u0442\u0435\u0440\u0438\u0430\u043b\u044b:<\/strong><\/p>\n<ul>\n<li>\u041a\u043e\u0440\u043f\u0443\u0441: \u043b\u0430\u043c\u0438\u043d\u0438\u0440\u043e\u0432\u0430\u043d\u043d\u0430\u044f \u043c\u0435\u0431\u0435\u043b\u044c\u043d\u0430\u044f \u043f\u043b\u0438\u0442\u0430 \u0442\u043e\u043b\u0449\u0438\u043d\u043e\u0439 28 \u043c\u043c<\/li>\n<li>\u041e\u0442\u0434\u0435\u043b\u043a\u0430: \u0434\u0443\u0431 Karmel (Pfleiderer)<\/li>\n<li>\u041e\u0431\u0438\u0432\u043a\u0430 \u0438\u0437\u0433\u043e\u043b\u043e\u0432\u044c\u044f: Preston 100, 100% \u043f\u043e\u043b\u0438\u044d\u0441\u0442\u0435\u0440, 65 000 Martindale.<\/li>\n<li>\u0414\u043d\u043e \u043a\u0440\u043e\u0432\u0430\u0442\u0438 \u0438 \u043f\u043e\u0434\u044a\u0435\u043c\u043d\u044b\u0439 \u043c\u0435\u0445\u0430\u043d\u0438\u0437\u043c \u0432\u0445\u043e\u0434\u044f\u0442 \u0432 \u043a\u043e\u043c\u043f\u043b\u0435\u043a\u0442.<\/li>\n<\/ul>\n<p>\u041c\u0430\u0442\u0440\u0430\u0441 \u043d\u0435 \u0432\u0445\u043e\u0434\u0438\u0442 \u0432 \u043a\u043e\u043c\u043f\u043b\u0435\u043a\u0442.<\/p>\n<p>&nbsp;<\/p>\n","protected":false},"excerpt":{"rendered":"<p>\u042d\u043b\u0435\u0433\u0430\u043d\u0442\u043d\u0430\u044f \u043a\u0440\u043e\u0432\u0430\u0442\u044c \u0438\u0437 \u0434\u0443\u0431\u043e\u0432\u043e\u0433\u043e \u0448\u043f\u043e\u043d\u0430 \u043c\u0435\u0434\u043e\u0432\u043e\u0433\u043e \u043e\u0442\u0442\u0435\u043d\u043a\u0430 \u0441 \u043c\u0430\u0442\u043e\u0432\u043e\u0439 \u043e\u0442\u0434\u0435\u043b\u043a\u043e\u0439, \u0438\u043c\u0438\u0442\u0438\u0440\u0443\u044e\u0449\u0435\u0439 \u0442\u0435\u043a\u0441\u0442\u0443\u0440\u0443 \u043d\u0430\u0442\u0443\u0440\u0430\u043b\u044c\u043d\u043e\u0433\u043e \u0434\u0435\u0440\u0435\u0432\u0430, \u0441\u043e\u0437\u0434\u0430\u0451\u0442 \u0443\u044e\u0442\u043d\u0443\u044e \u0438 \u0441\u0442\u0438\u043b\u044c\u043d\u0443\u044e \u0430\u0442\u043c\u043e\u0441\u0444\u0435\u0440\u0443 \u0432 \u0441\u043f\u0430\u043b\u044c\u043d\u0435. \u0423\u0434\u043e\u0431\u043d\u043e\u0435 \u043c\u044f\u0433\u043a\u043e\u0435 \u0438\u0437\u0433\u043e\u043b\u043e\u0432\u044c\u0435, \u0440\u0430\u0437\u0434\u0435\u043b\u0451\u043d\u043d\u043e\u0435 \u043d\u0430 \u0448\u0435\u0441\u0442\u044c \u043f\u0440\u044f\u043c\u043e\u0443\u0433\u043e\u043b\u044c\u043d\u044b\u0445 \u043f\u0430\u043d\u0435\u043b\u0435\u0439 \u0438 \u043e\u0431\u0442\u044f\u043d\u0443\u0442\u043e\u0435 \u0442\u043a\u0430\u043d\u044c\u044e Preston 100, \u043e\u0431\u0435\u0441\u043f\u0435\u0447\u0438\u0442 \u043a\u043e\u043c\u0444\u043e\u0440\u0442 \u0434\u043b\u044f \u0447\u0442\u0435\u043d\u0438\u044f \u0438\u043b\u0438 \u043e\u0442\u0434\u044b\u0445\u0430. \u041a\u0430\u0440\u043a\u0430\u0441 \u043a\u0440\u043e\u0432\u0430\u0442\u0438 \u0443\u0441\u0442\u0430\u043d\u043e\u0432\u043b\u0435\u043d \u043d\u0430 \u043f\u0440\u043e\u0447\u043d\u043e\u043c \u0447\u0451\u0440\u043d\u043e\u043c \u043c\u0435\u0442\u0430\u043b\u043b\u0438\u0447\u0435\u0441\u043a\u043e\u043c \u043a\u0430\u0440\u043a\u0430\u0441\u0435 \u0441 \u043d\u043e\u0436\u043a\u0430\u043c\u0438. \u041e\u0441\u043d\u043e\u0432\u0430\u043d\u0438\u0435 \u0441 24 \u0433\u0438\u0431\u043a\u0438\u043c\u0438 \u043b\u0430\u043c\u0435\u043b\u044f\u043c\u0438&#8230;<\/p>\n","protected":false},"featured_media":52162,"template":"","meta":[],"product_brand":[],"product_cat":[139,138],"product_tag":[],"class_list":{"0":"post-52154","1":"product","2":"type-product","3":"status-publish","4":"has-post-thumbnail","6":"product_cat-krovati","7":"product_cat-spalnya","9":"first","10":"instock","11":"taxable","12":"shipping-taxable","13":"purchasable","14":"product-type-variable","15":"wvs-archive-product-wrapper"},"yoast_head":"<!-- This site is optimized with the Yoast SEO plugin v27.3 - https:\/\/yoast.com\/product\/yoast-seo-wordpress\/ -->\n<title>Karmel Loft \u043a\u0440\u043e\u0432\u0430\u0442\u044c \u0441 \u043f\u043e\u0434\u044a\u0451\u043c\u043d\u044b\u043c \u043c\u0435\u0445\u0430\u043d\u0438\u0437\u043c\u043e\u043c<\/title>\n<meta name=\"robots\" content=\"index, follow, max-snippet:-1, max-image-preview:large, max-video-preview:-1\" \/>\n<link rel=\"canonical\" href=\"https:\/\/decorn.ee\/ru\/tovar\/karmel-loft-krovat-s-podyomnym-mehanizmom\/\" \/>\n<meta property=\"og:locale\" content=\"ru_RU\" \/>\n<meta property=\"og:type\" content=\"article\" \/>\n<meta property=\"og:title\" content=\"Karmel Loft \u043a\u0440\u043e\u0432\u0430\u0442\u044c \u0441 \u043f\u043e\u0434\u044a\u0451\u043c\u043d\u044b\u043c \u043c\u0435\u0445\u0430\u043d\u0438\u0437\u043c\u043e\u043c\" \/>\n<meta property=\"og:description\" content=\"\u042d\u043b\u0435\u0433\u0430\u043d\u0442\u043d\u0430\u044f \u043a\u0440\u043e\u0432\u0430\u0442\u044c \u0438\u0437 \u0434\u0443\u0431\u043e\u0432\u043e\u0433\u043e \u0448\u043f\u043e\u043d\u0430 \u043c\u0435\u0434\u043e\u0432\u043e\u0433\u043e \u043e\u0442\u0442\u0435\u043d\u043a\u0430 \u0441 \u043c\u0430\u0442\u043e\u0432\u043e\u0439 \u043e\u0442\u0434\u0435\u043b\u043a\u043e\u0439, \u0438\u043c\u0438\u0442\u0438\u0440\u0443\u044e\u0449\u0435\u0439 \u0442\u0435\u043a\u0441\u0442\u0443\u0440\u0443 \u043d\u0430\u0442\u0443\u0440\u0430\u043b\u044c\u043d\u043e\u0433\u043e \u0434\u0435\u0440\u0435\u0432\u0430, \u0441\u043e\u0437\u0434\u0430\u0451\u0442 \u0443\u044e\u0442\u043d\u0443\u044e \u0438 \u0441\u0442\u0438\u043b\u044c\u043d\u0443\u044e \u0430\u0442\u043c\u043e\u0441\u0444\u0435\u0440\u0443 \u0432 \u0441\u043f\u0430\u043b\u044c\u043d\u0435. \u0423\u0434\u043e\u0431\u043d\u043e\u0435 \u043c\u044f\u0433\u043a\u043e\u0435 \u0438\u0437\u0433\u043e\u043b\u043e\u0432\u044c\u0435, \u0440\u0430\u0437\u0434\u0435\u043b\u0451\u043d\u043d\u043e\u0435 \u043d\u0430 \u0448\u0435\u0441\u0442\u044c \u043f\u0440\u044f\u043c\u043e\u0443\u0433\u043e\u043b\u044c\u043d\u044b\u0445 \u043f\u0430\u043d\u0435\u043b\u0435\u0439 \u0438 \u043e\u0431\u0442\u044f\u043d\u0443\u0442\u043e\u0435 \u0442\u043a\u0430\u043d\u044c\u044e Preston 100, \u043e\u0431\u0435\u0441\u043f\u0435\u0447\u0438\u0442 \u043a\u043e\u043c\u0444\u043e\u0440\u0442 \u0434\u043b\u044f \u0447\u0442\u0435\u043d\u0438\u044f \u0438\u043b\u0438 \u043e\u0442\u0434\u044b\u0445\u0430. \u041a\u0430\u0440\u043a\u0430\u0441 \u043a\u0440\u043e\u0432\u0430\u0442\u0438 \u0443\u0441\u0442\u0430\u043d\u043e\u0432\u043b\u0435\u043d \u043d\u0430 \u043f\u0440\u043e\u0447\u043d\u043e\u043c \u0447\u0451\u0440\u043d\u043e\u043c \u043c\u0435\u0442\u0430\u043b\u043b\u0438\u0447\u0435\u0441\u043a\u043e\u043c \u043a\u0430\u0440\u043a\u0430\u0441\u0435 \u0441 \u043d\u043e\u0436\u043a\u0430\u043c\u0438. \u041e\u0441\u043d\u043e\u0432\u0430\u043d\u0438\u0435 \u0441 24 \u0433\u0438\u0431\u043a\u0438\u043c\u0438 \u043b\u0430\u043c\u0435\u043b\u044f\u043c\u0438...\" \/>\n<meta property=\"og:url\" content=\"https:\/\/decorn.ee\/ru\/tovar\/karmel-loft-krovat-s-podyomnym-mehanizmom\/\" \/>\n<meta property=\"og:site_name\" content=\"\u041c\u0435\u0431\u0435\u043b\u044c \u0434\u043b\u044f \u0434\u043e\u043c\u0430 DecorN\" \/>\n<meta property=\"article:publisher\" content=\"http:\/\/www.facebook.com\/decorn.ee.kodusisustus\" \/>\n<meta property=\"article:modified_time\" content=\"2026-01-02T12:36:13+00:00\" \/>\n<meta property=\"og:image\" content=\"https:\/\/decorn.ee\/wp-content\/uploads\/2025\/09\/lfk-l-zdj-gl.jpg\" \/>\n\t<meta property=\"og:image:width\" content=\"1180\" \/>\n\t<meta property=\"og:image:height\" content=\"1180\" \/>\n\t<meta property=\"og:image:type\" content=\"image\/jpeg\" \/>\n<meta name=\"twitter:card\" content=\"summary_large_image\" \/>\n<meta name=\"twitter:label1\" content=\"\u0414\u043e\u0441\u0442\u0443\u043f\u043d\u043e\u0441\u0442\u044c\" \/>\n\t<meta name=\"twitter:data1\" content=\"\u0412 \u043d\u0430\u043b\u0438\u0447\u0438\u0438\" \/>\n<script type=\"application\/ld+json\" class=\"yoast-schema-graph\">{\"@context\":\"https:\\\/\\\/schema.org\",\"@graph\":[{\"@type\":\"WebPage\",\"@id\":\"https:\\\/\\\/decorn.ee\\\/ru\\\/tovar\\\/karmel-loft-krovat-s-podyomnym-mehanizmom\\\/\",\"url\":\"https:\\\/\\\/decorn.ee\\\/ru\\\/tovar\\\/karmel-loft-krovat-s-podyomnym-mehanizmom\\\/\",\"name\":\"Karmel Loft \u043a\u0440\u043e\u0432\u0430\u0442\u044c \u0441 \u043f\u043e\u0434\u044a\u0451\u043c\u043d\u044b\u043c \u043c\u0435\u0445\u0430\u043d\u0438\u0437\u043c\u043e\u043c\",\"isPartOf\":{\"@id\":\"https:\\\/\\\/decorn.ee\\\/#website\"},\"primaryImageOfPage\":{\"@id\":\"https:\\\/\\\/decorn.ee\\\/ru\\\/tovar\\\/karmel-loft-krovat-s-podyomnym-mehanizmom\\\/#primaryimage\"},\"image\":{\"@id\":\"https:\\\/\\\/decorn.ee\\\/ru\\\/tovar\\\/karmel-loft-krovat-s-podyomnym-mehanizmom\\\/#primaryimage\"},\"thumbnailUrl\":\"https:\\\/\\\/decorn.ee\\\/wp-content\\\/uploads\\\/2025\\\/09\\\/lfk-l-zdj-gl.jpg\",\"datePublished\":\"2025-09-04T11:54:53+00:00\",\"dateModified\":\"2026-01-02T12:36:13+00:00\",\"breadcrumb\":{\"@id\":\"https:\\\/\\\/decorn.ee\\\/ru\\\/tovar\\\/karmel-loft-krovat-s-podyomnym-mehanizmom\\\/#breadcrumb\"},\"inLanguage\":\"ru-RU\",\"potentialAction\":[{\"@type\":\"ReadAction\",\"target\":[\"https:\\\/\\\/decorn.ee\\\/ru\\\/tovar\\\/karmel-loft-krovat-s-podyomnym-mehanizmom\\\/\"]}]},{\"@type\":\"ImageObject\",\"inLanguage\":\"ru-RU\",\"@id\":\"https:\\\/\\\/decorn.ee\\\/ru\\\/tovar\\\/karmel-loft-krovat-s-podyomnym-mehanizmom\\\/#primaryimage\",\"url\":\"https:\\\/\\\/decorn.ee\\\/wp-content\\\/uploads\\\/2025\\\/09\\\/lfk-l-zdj-gl.jpg\",\"contentUrl\":\"https:\\\/\\\/decorn.ee\\\/wp-content\\\/uploads\\\/2025\\\/09\\\/lfk-l-zdj-gl.jpg\",\"width\":1180,\"height\":1180},{\"@type\":\"BreadcrumbList\",\"@id\":\"https:\\\/\\\/decorn.ee\\\/ru\\\/tovar\\\/karmel-loft-krovat-s-podyomnym-mehanizmom\\\/#breadcrumb\",\"itemListElement\":[{\"@type\":\"ListItem\",\"position\":1,\"name\":\"Home\",\"item\":\"https:\\\/\\\/decorn.ee\\\/ru\\\/\"},{\"@type\":\"ListItem\",\"position\":2,\"name\":\"\u041c\u0430\u0433\u0430\u0437\u0438\u043d\",\"item\":\"https:\\\/\\\/decorn.ee\\\/ru\\\/magazin\\\/\"},{\"@type\":\"ListItem\",\"position\":3,\"name\":\"Karmel Loft \u043a\u0440\u043e\u0432\u0430\u0442\u044c \u0441 \u043f\u043e\u0434\u044a\u0451\u043c\u043d\u044b\u043c \u043c\u0435\u0445\u0430\u043d\u0438\u0437\u043c\u043e\u043c\"}]},{\"@type\":\"WebSite\",\"@id\":\"https:\\\/\\\/decorn.ee\\\/#website\",\"url\":\"https:\\\/\\\/decorn.ee\\\/\",\"name\":\"\u041c\u0435\u0431\u0435\u043b\u044c \u0434\u043b\u044f \u0434\u043e\u043c\u0430 DecorN\",\"description\":\"\",\"publisher\":{\"@id\":\"https:\\\/\\\/decorn.ee\\\/#organization\"},\"potentialAction\":[{\"@type\":\"SearchAction\",\"target\":{\"@type\":\"EntryPoint\",\"urlTemplate\":\"https:\\\/\\\/decorn.ee\\\/?s={search_term_string}\"},\"query-input\":{\"@type\":\"PropertyValueSpecification\",\"valueRequired\":true,\"valueName\":\"search_term_string\"}}],\"inLanguage\":\"ru-RU\"},{\"@type\":\"Organization\",\"@id\":\"https:\\\/\\\/decorn.ee\\\/#organization\",\"name\":\"NDecor O\u00dc\",\"url\":\"https:\\\/\\\/decorn.ee\\\/\",\"logo\":{\"@type\":\"ImageObject\",\"inLanguage\":\"ru-RU\",\"@id\":\"https:\\\/\\\/decorn.ee\\\/#\\\/schema\\\/logo\\\/image\\\/\",\"url\":\"https:\\\/\\\/decorn.ee\\\/wp-content\\\/uploads\\\/2022\\\/01\\\/original.svg\",\"contentUrl\":\"https:\\\/\\\/decorn.ee\\\/wp-content\\\/uploads\\\/2022\\\/01\\\/original.svg\",\"width\":\"1024\",\"height\":\"1024\",\"caption\":\"NDecor O\u00dc\"},\"image\":{\"@id\":\"https:\\\/\\\/decorn.ee\\\/#\\\/schema\\\/logo\\\/image\\\/\"},\"sameAs\":[\"http:\\\/\\\/www.facebook.com\\\/decorn.ee.kodusisustus\",\"https:\\\/\\\/instagram.com\\\/decorn.ee\"]}]}<\/script>\n<meta property=\"og:availability\" content=\"instock\" \/>\n<meta property=\"product:availability\" content=\"instock\" \/>\n<meta property=\"product:retailer_item_id\" content=\"Karmel Loft voodi pesukastiga. DAVIS Preston 100\" \/>\n<meta property=\"product:condition\" content=\"new\" \/>\n<!-- \/ Yoast SEO plugin. -->","yoast_head_json":{"title":"Karmel Loft \u043a\u0440\u043e\u0432\u0430\u0442\u044c \u0441 \u043f\u043e\u0434\u044a\u0451\u043c\u043d\u044b\u043c \u043c\u0435\u0445\u0430\u043d\u0438\u0437\u043c\u043e\u043c","robots":{"index":"index","follow":"follow","max-snippet":"max-snippet:-1","max-image-preview":"max-image-preview:large","max-video-preview":"max-video-preview:-1"},"canonical":"https:\/\/decorn.ee\/ru\/tovar\/karmel-loft-krovat-s-podyomnym-mehanizmom\/","og_locale":"ru_RU","og_type":"article","og_title":"Karmel Loft \u043a\u0440\u043e\u0432\u0430\u0442\u044c \u0441 \u043f\u043e\u0434\u044a\u0451\u043c\u043d\u044b\u043c \u043c\u0435\u0445\u0430\u043d\u0438\u0437\u043c\u043e\u043c","og_description":"\u042d\u043b\u0435\u0433\u0430\u043d\u0442\u043d\u0430\u044f \u043a\u0440\u043e\u0432\u0430\u0442\u044c \u0438\u0437 \u0434\u0443\u0431\u043e\u0432\u043e\u0433\u043e \u0448\u043f\u043e\u043d\u0430 \u043c\u0435\u0434\u043e\u0432\u043e\u0433\u043e \u043e\u0442\u0442\u0435\u043d\u043a\u0430 \u0441 \u043c\u0430\u0442\u043e\u0432\u043e\u0439 \u043e\u0442\u0434\u0435\u043b\u043a\u043e\u0439, \u0438\u043c\u0438\u0442\u0438\u0440\u0443\u044e\u0449\u0435\u0439 \u0442\u0435\u043a\u0441\u0442\u0443\u0440\u0443 \u043d\u0430\u0442\u0443\u0440\u0430\u043b\u044c\u043d\u043e\u0433\u043e \u0434\u0435\u0440\u0435\u0432\u0430, \u0441\u043e\u0437\u0434\u0430\u0451\u0442 \u0443\u044e\u0442\u043d\u0443\u044e \u0438 \u0441\u0442\u0438\u043b\u044c\u043d\u0443\u044e \u0430\u0442\u043c\u043e\u0441\u0444\u0435\u0440\u0443 \u0432 \u0441\u043f\u0430\u043b\u044c\u043d\u0435. \u0423\u0434\u043e\u0431\u043d\u043e\u0435 \u043c\u044f\u0433\u043a\u043e\u0435 \u0438\u0437\u0433\u043e\u043b\u043e\u0432\u044c\u0435, \u0440\u0430\u0437\u0434\u0435\u043b\u0451\u043d\u043d\u043e\u0435 \u043d\u0430 \u0448\u0435\u0441\u0442\u044c \u043f\u0440\u044f\u043c\u043e\u0443\u0433\u043e\u043b\u044c\u043d\u044b\u0445 \u043f\u0430\u043d\u0435\u043b\u0435\u0439 \u0438 \u043e\u0431\u0442\u044f\u043d\u0443\u0442\u043e\u0435 \u0442\u043a\u0430\u043d\u044c\u044e Preston 100, \u043e\u0431\u0435\u0441\u043f\u0435\u0447\u0438\u0442 \u043a\u043e\u043c\u0444\u043e\u0440\u0442 \u0434\u043b\u044f \u0447\u0442\u0435\u043d\u0438\u044f \u0438\u043b\u0438 \u043e\u0442\u0434\u044b\u0445\u0430. \u041a\u0430\u0440\u043a\u0430\u0441 \u043a\u0440\u043e\u0432\u0430\u0442\u0438 \u0443\u0441\u0442\u0430\u043d\u043e\u0432\u043b\u0435\u043d \u043d\u0430 \u043f\u0440\u043e\u0447\u043d\u043e\u043c \u0447\u0451\u0440\u043d\u043e\u043c \u043c\u0435\u0442\u0430\u043b\u043b\u0438\u0447\u0435\u0441\u043a\u043e\u043c \u043a\u0430\u0440\u043a\u0430\u0441\u0435 \u0441 \u043d\u043e\u0436\u043a\u0430\u043c\u0438. \u041e\u0441\u043d\u043e\u0432\u0430\u043d\u0438\u0435 \u0441 24 \u0433\u0438\u0431\u043a\u0438\u043c\u0438 \u043b\u0430\u043c\u0435\u043b\u044f\u043c\u0438...","og_url":"https:\/\/decorn.ee\/ru\/tovar\/karmel-loft-krovat-s-podyomnym-mehanizmom\/","og_site_name":"\u041c\u0435\u0431\u0435\u043b\u044c \u0434\u043b\u044f \u0434\u043e\u043c\u0430 DecorN","article_publisher":"http:\/\/www.facebook.com\/decorn.ee.kodusisustus","article_modified_time":"2026-01-02T12:36:13+00:00","og_image":[{"width":1180,"height":1180,"url":"https:\/\/decorn.ee\/wp-content\/uploads\/2025\/09\/lfk-l-zdj-gl.jpg","type":"image\/jpeg"}],"twitter_card":"summary_large_image","twitter_misc":{"\u0414\u043e\u0441\u0442\u0443\u043f\u043d\u043e\u0441\u0442\u044c":"\u0412 \u043d\u0430\u043b\u0438\u0447\u0438\u0438"},"schema":{"@context":"https:\/\/schema.org","@graph":[{"@type":"WebPage","@id":"https:\/\/decorn.ee\/ru\/tovar\/karmel-loft-krovat-s-podyomnym-mehanizmom\/","url":"https:\/\/decorn.ee\/ru\/tovar\/karmel-loft-krovat-s-podyomnym-mehanizmom\/","name":"Karmel Loft \u043a\u0440\u043e\u0432\u0430\u0442\u044c \u0441 \u043f\u043e\u0434\u044a\u0451\u043c\u043d\u044b\u043c \u043c\u0435\u0445\u0430\u043d\u0438\u0437\u043c\u043e\u043c","isPartOf":{"@id":"https:\/\/decorn.ee\/#website"},"primaryImageOfPage":{"@id":"https:\/\/decorn.ee\/ru\/tovar\/karmel-loft-krovat-s-podyomnym-mehanizmom\/#primaryimage"},"image":{"@id":"https:\/\/decorn.ee\/ru\/tovar\/karmel-loft-krovat-s-podyomnym-mehanizmom\/#primaryimage"},"thumbnailUrl":"https:\/\/decorn.ee\/wp-content\/uploads\/2025\/09\/lfk-l-zdj-gl.jpg","datePublished":"2025-09-04T11:54:53+00:00","dateModified":"2026-01-02T12:36:13+00:00","breadcrumb":{"@id":"https:\/\/decorn.ee\/ru\/tovar\/karmel-loft-krovat-s-podyomnym-mehanizmom\/#breadcrumb"},"inLanguage":"ru-RU","potentialAction":[{"@type":"ReadAction","target":["https:\/\/decorn.ee\/ru\/tovar\/karmel-loft-krovat-s-podyomnym-mehanizmom\/"]}]},{"@type":"ImageObject","inLanguage":"ru-RU","@id":"https:\/\/decorn.ee\/ru\/tovar\/karmel-loft-krovat-s-podyomnym-mehanizmom\/#primaryimage","url":"https:\/\/decorn.ee\/wp-content\/uploads\/2025\/09\/lfk-l-zdj-gl.jpg","contentUrl":"https:\/\/decorn.ee\/wp-content\/uploads\/2025\/09\/lfk-l-zdj-gl.jpg","width":1180,"height":1180},{"@type":"BreadcrumbList","@id":"https:\/\/decorn.ee\/ru\/tovar\/karmel-loft-krovat-s-podyomnym-mehanizmom\/#breadcrumb","itemListElement":[{"@type":"ListItem","position":1,"name":"Home","item":"https:\/\/decorn.ee\/ru\/"},{"@type":"ListItem","position":2,"name":"\u041c\u0430\u0433\u0430\u0437\u0438\u043d","item":"https:\/\/decorn.ee\/ru\/magazin\/"},{"@type":"ListItem","position":3,"name":"Karmel Loft \u043a\u0440\u043e\u0432\u0430\u0442\u044c \u0441 \u043f\u043e\u0434\u044a\u0451\u043c\u043d\u044b\u043c \u043c\u0435\u0445\u0430\u043d\u0438\u0437\u043c\u043e\u043c"}]},{"@type":"WebSite","@id":"https:\/\/decorn.ee\/#website","url":"https:\/\/decorn.ee\/","name":"\u041c\u0435\u0431\u0435\u043b\u044c \u0434\u043b\u044f \u0434\u043e\u043c\u0430 DecorN","description":"","publisher":{"@id":"https:\/\/decorn.ee\/#organization"},"potentialAction":[{"@type":"SearchAction","target":{"@type":"EntryPoint","urlTemplate":"https:\/\/decorn.ee\/?s={search_term_string}"},"query-input":{"@type":"PropertyValueSpecification","valueRequired":true,"valueName":"search_term_string"}}],"inLanguage":"ru-RU"},{"@type":"Organization","@id":"https:\/\/decorn.ee\/#organization","name":"NDecor O\u00dc","url":"https:\/\/decorn.ee\/","logo":{"@type":"ImageObject","inLanguage":"ru-RU","@id":"https:\/\/decorn.ee\/#\/schema\/logo\/image\/","url":"https:\/\/decorn.ee\/wp-content\/uploads\/2022\/01\/original.svg","contentUrl":"https:\/\/decorn.ee\/wp-content\/uploads\/2022\/01\/original.svg","width":"1024","height":"1024","caption":"NDecor O\u00dc"},"image":{"@id":"https:\/\/decorn.ee\/#\/schema\/logo\/image\/"},"sameAs":["http:\/\/www.facebook.com\/decorn.ee.kodusisustus","https:\/\/instagram.com\/decorn.ee"]}]},"og_availability":"instock","product_availability":"instock","product_retailer_item_id":"Karmel Loft voodi pesukastiga. DAVIS Preston 100","product_condition":"new"},"_links":{"self":[{"href":"https:\/\/decorn.ee\/ru\/wp-json\/wp\/v2\/product\/52154","targetHints":{"allow":["GET"]}}],"collection":[{"href":"https:\/\/decorn.ee\/ru\/wp-json\/wp\/v2\/product"}],"about":[{"href":"https:\/\/decorn.ee\/ru\/wp-json\/wp\/v2\/types\/product"}],"wp:featuredmedia":[{"embeddable":true,"href":"https:\/\/decorn.ee\/ru\/wp-json\/wp\/v2\/media\/52162"}],"wp:attachment":[{"href":"https:\/\/decorn.ee\/ru\/wp-json\/wp\/v2\/media?parent=52154"}],"wp:term":[{"taxonomy":"product_brand","embeddable":true,"href":"https:\/\/decorn.ee\/ru\/wp-json\/wp\/v2\/product_brand?post=52154"},{"taxonomy":"product_cat","embeddable":true,"href":"https:\/\/decorn.ee\/ru\/wp-json\/wp\/v2\/product_cat?post=52154"},{"taxonomy":"product_tag","embeddable":true,"href":"https:\/\/decorn.ee\/ru\/wp-json\/wp\/v2\/product_tag?post=52154"}],"curies":[{"name":"wp","href":"https:\/\/api.w.org\/{rel}","templated":true}]}}